{"id":8231,"date":"2019-10-16T16:14:02","date_gmt":"2019-10-16T16:14:02","guid":{"rendered":"https:\/\/www.mci.mc\/projects\/"},"modified":"2024-11-06T14:01:52","modified_gmt":"2024-11-06T14:01:52","slug":"projects","status":"publish","type":"page","link":"https:\/\/www.mci.mc\/en\/projects\/","title":{"rendered":"Projects"},"content":{"rendered":"\t\t<div data-elementor-type=\"wp-page\" data-elementor-id=\"8231\" class=\"elementor elementor-8231 elementor-1487\" data-elementor-post-type=\"page\">\n\t\t\t\t\t\t<section class=\"elementor-section elementor-top-section elementor-element elementor-element-61976cd elementor-reverse-tablet elementor-reverse-mobile elementor-section-height-min-height elementor-section-boxed elementor-section-height-default elementor-section-items-middle\" data-id=\"61976cd\" data-element_type=\"section\" data-e-type=\"section\" data-settings=\"{&quot;background_background&quot;:&quot;classic&quot;}\">\n\t\t\t\t\t\t\t<div class=\"elementor-background-overlay\"><\/div>\n\t\t\t\t\t\t\t<div class=\"elementor-container elementor-column-gap-wider\">\n\t\t\t\t\t<div class=\"elementor-column elementor-col-100 elementor-top-column elementor-element elementor-element-e6342bf\" data-id=\"e6342bf\" data-element_type=\"column\" data-e-type=\"column\">\n\t\t\t<div class=\"elementor-widget-wrap elementor-element-populated\">\n\t\t\t\t\t\t<div class=\"elementor-element elementor-element-260666d elementor-widget elementor-widget-heading\" data-id=\"260666d\" data-element_type=\"widget\" data-e-type=\"widget\" data-widget_type=\"heading.default\">\n\t\t\t\t<div class=\"elementor-widget-container\">\n\t\t\t\t\t<h2 class=\"elementor-heading-title elementor-size-default\">Our projects<\/h2>\t\t\t\t<\/div>\n\t\t\t\t<\/div>\n\t\t\t\t<div class=\"elementor-element elementor-element-66cfd1d elementor-widget elementor-widget-spacer\" data-id=\"66cfd1d\" data-element_type=\"widget\" data-e-type=\"widget\" data-widget_type=\"spacer.default\">\n\t\t\t\t<div class=\"elementor-widget-container\">\n\t\t\t\t\t\t\t<div class=\"elementor-spacer\">\n\t\t\t<div class=\"elementor-spacer-inner\"><\/div>\n\t\t<\/div>\n\t\t\t\t\t\t<\/div>\n\t\t\t\t<\/div>\n\t\t\t\t<div class=\"elementor-element elementor-element-ebf1a18 elementor-widget elementor-widget-text-editor\" data-id=\"ebf1a18\" data-element_type=\"widget\" data-e-type=\"widget\" data-widget_type=\"text-editor.default\">\n\t\t\t\t<div class=\"elementor-widget-container\">\n\t\t\t\t\t\t\t\t\t<p><span class=\"elementor-heading-title elementor-size-default\">Discover some of our events<\/span><\/p>\n\t\t\t\t\t\t\t\t<\/div>\n\t\t\t\t<\/div>\n\t\t\t\t\t<\/div>\n\t\t<\/div>\n\t\t\t\t\t<\/div>\n\t\t<\/section>\n\t\t\t\t<section class=\"elementor-section elementor-top-section elementor-element elementor-element-7b7727a elementor-section-full_width elementor-section-height-default elementor-section-height-default\" data-id=\"7b7727a\" data-element_type=\"section\" data-e-type=\"section\">\n\t\t\t\t\t\t<div class=\"elementor-container elementor-column-gap-no\">\n\t\t\t\t\t<div class=\"elementor-column elementor-col-100 elementor-top-column elementor-element elementor-element-849fbfc\" data-id=\"849fbfc\" data-element_type=\"column\" data-e-type=\"column\">\n\t\t\t<div class=\"elementor-widget-wrap elementor-element-populated\">\n\t\t\t\t\t\t<div class=\"elementor-element elementor-element-203b5f0 preserve-img-ratio-cover elementor-widget elementor-widget-the7_elements\" data-id=\"203b5f0\" data-element_type=\"widget\" data-e-type=\"widget\" data-settings=\"{&quot;widget_columns_wide_desktop_breakpoint&quot;:1550}\" data-widget_type=\"the7_elements.default\">\n\t\t\t\t<div class=\"elementor-widget-container\">\n\t\t\t\t\t<div class=\"portfolio-shortcode the7-elementor-widget the7_elements-203b5f0 mode-grid dt-css-grid-wrap bottom-overlap-layout-list description-under-image meta-info-off content-bg-on resize-by-browser-width widget-with-filter loading-effect-none jquery-filter\" data-padding=\"0\" data-mobile-columns-num=\"1\" data-tablet-columns-num=\"2\" data-desktop-columns-num=\"3\" data-wide-desktop-columns-num=\"3\" data-post-limit=\"8\" data-pagination-mode=\"load-more\" data-scroll-offset=\"\" aria-live=\"assertive\"><div class=\"dt-css-grid custom-pagination-handler\"><div class=\"visible wf-cell category-0\" data-post-id=\"8325\" data-date=\"2021-12-02T12:27:22+00:00\" data-name=\"AMWC\"><article class=\"post visible post-8325 dt_portfolio type-dt_portfolio status-publish has-post-thumbnail hentry\" data-name=\"AMWC\" data-date=\"2021-12-02T12:27:22+00:00\">\n\n\t<div class=\"post-thumbnail-wrap\">\n\t\t<div class=\"post-thumbnail\">\n\n\t\t\t<a class=\"post-thumbnail-rollover layzr-bg img-css-resize-wrapper\" aria-label=\"Post image\" href=\"https:\/\/www.mci.mc\/en\/project\/amwc\/\"><img fetchpriority=\"high\" decoding=\"async\" width=\"2560\" height=\"1707\" src=\"data:image\/svg+xml,%3Csvg%20xmlns%3D&#039;http%3A%2F%2Fwww.w3.org%2F2000%2Fsvg&#039;%20viewBox%3D&#039;0%200%202560%201707&#039;%2F%3E\" class=\"attachment-full size-full preload-me aspect lazy lazy-load\" alt=\"\" sizes=\"(max-width: 2560px) 100vw, 2560px\" style=\"--ratio: 2560 \/ 1707;\" data-src=\"https:\/\/www.mci.mc\/wp-content\/uploads\/2021\/12\/AdobeStock_175466970-scaled.jpeg\" loading=\"eager\" data-srcset=\"https:\/\/www.mci.mc\/wp-content\/uploads\/2021\/12\/AdobeStock_175466970-scaled.jpeg 2560w, https:\/\/www.mci.mc\/wp-content\/uploads\/2021\/12\/AdobeStock_175466970-300x200.jpeg 300w, https:\/\/www.mci.mc\/wp-content\/uploads\/2021\/12\/AdobeStock_175466970-1024x683.jpeg 1024w, https:\/\/www.mci.mc\/wp-content\/uploads\/2021\/12\/AdobeStock_175466970-768x512.jpeg 768w, https:\/\/www.mci.mc\/wp-content\/uploads\/2021\/12\/AdobeStock_175466970-1536x1024.jpeg 1536w, https:\/\/www.mci.mc\/wp-content\/uploads\/2021\/12\/AdobeStock_175466970-2048x1365.jpeg 2048w\" \/><span class=\"the7-hover-icon\"><i aria-hidden=\"true\" class=\"fas fa-ellipsis-h\"><\/i><\/span><\/a>\n\t\t<\/div>\n\t<\/div>\n\n\n<div class=\"post-entry-content\">\n\n\t<h3 class=\"ele-entry-title\"><a href=\"https:\/\/www.mci.mc\/en\/project\/amwc\/\" rel=\"bookmark\" title=\"AMWC\">AMWC<\/a><\/h3><div class=\"entry-excerpt\"><p>World Congress on Aesthetic and Anti-Aging Medicine<\/p>\n<\/div>\n<\/div><\/article><\/div><div class=\"visible wf-cell category-0\" data-post-id=\"8331\" data-date=\"2021-11-08T04:46:00+00:00\" data-name=\"Sportel\"><article class=\"post visible post-8331 dt_portfolio type-dt_portfolio status-publish has-post-thumbnail hentry\" data-name=\"Sportel\" data-date=\"2021-11-08T04:46:00+00:00\">\n\n\t<div class=\"post-thumbnail-wrap\">\n\t\t<div class=\"post-thumbnail\">\n\n\t\t\t<a class=\"post-thumbnail-rollover layzr-bg img-css-resize-wrapper\" aria-label=\"Post image\" href=\"https:\/\/www.mci.mc\/en\/project\/sportel\/\"><img decoding=\"async\" width=\"1920\" height=\"1080\" src=\"data:image\/svg+xml,%3Csvg%20xmlns%3D&#039;http%3A%2F%2Fwww.w3.org%2F2000%2Fsvg&#039;%20viewBox%3D&#039;0%200%201920%201080&#039;%2F%3E\" class=\"attachment-full size-full preload-me aspect lazy lazy-load\" alt=\"\" sizes=\"(max-width: 1920px) 100vw, 1920px\" style=\"--ratio: 1920 \/ 1080;\" data-src=\"https:\/\/www.mci.mc\/wp-content\/uploads\/2021\/11\/sm23-stand.jpg\" loading=\"eager\" data-srcset=\"https:\/\/www.mci.mc\/wp-content\/uploads\/2021\/11\/sm23-stand.jpg 1920w, https:\/\/www.mci.mc\/wp-content\/uploads\/2021\/11\/sm23-stand-300x169.jpg 300w, https:\/\/www.mci.mc\/wp-content\/uploads\/2021\/11\/sm23-stand-1024x576.jpg 1024w, https:\/\/www.mci.mc\/wp-content\/uploads\/2021\/11\/sm23-stand-768x432.jpg 768w, https:\/\/www.mci.mc\/wp-content\/uploads\/2021\/11\/sm23-stand-1536x864.jpg 1536w\" \/><span class=\"the7-hover-icon\"><i aria-hidden=\"true\" class=\"fas fa-ellipsis-h\"><\/i><\/span><\/a>\n\t\t<\/div>\n\t<\/div>\n\n\n<div class=\"post-entry-content\">\n\n\t<h3 class=\"ele-entry-title\"><a href=\"https:\/\/www.mci.mc\/en\/project\/sportel\/\" rel=\"bookmark\" title=\"Sportel\">Sportel<\/a><\/h3><div class=\"entry-excerpt\"><p>The World Sports Media and Technology Convention<\/p>\n<\/div>\n<\/div><\/article><\/div><div class=\"visible wf-cell category-0\" data-post-id=\"8337\" data-date=\"2021-11-08T04:36:00+00:00\" data-name=\"Monaco Yacht Show\"><article class=\"post visible post-8337 dt_portfolio type-dt_portfolio status-publish has-post-thumbnail hentry\" data-name=\"Monaco Yacht Show\" data-date=\"2021-11-08T04:36:00+00:00\">\n\n\t<div class=\"post-thumbnail-wrap\">\n\t\t<div class=\"post-thumbnail\">\n\n\t\t\t<a class=\"post-thumbnail-rollover layzr-bg img-css-resize-wrapper\" aria-label=\"Post image\" href=\"https:\/\/www.mci.mc\/en\/project\/monaco-yacht-show\/\"><img decoding=\"async\" width=\"2560\" height=\"853\" src=\"data:image\/svg+xml,%3Csvg%20xmlns%3D&#039;http%3A%2F%2Fwww.w3.org%2F2000%2Fsvg&#039;%20viewBox%3D&#039;0%200%202560%20853&#039;%2F%3E\" class=\"attachment-full size-full preload-me aspect lazy lazy-load\" alt=\"\" sizes=\"(max-width: 2560px) 100vw, 2560px\" style=\"--ratio: 2560 \/ 853;\" data-src=\"https:\/\/www.mci.mc\/wp-content\/uploads\/2021\/11\/AdobeStock_173986492-scaled.jpeg\" loading=\"eager\" data-srcset=\"https:\/\/www.mci.mc\/wp-content\/uploads\/2021\/11\/AdobeStock_173986492-scaled.jpeg 2560w, https:\/\/www.mci.mc\/wp-content\/uploads\/2021\/11\/AdobeStock_173986492-300x100.jpeg 300w, https:\/\/www.mci.mc\/wp-content\/uploads\/2021\/11\/AdobeStock_173986492-1024x341.jpeg 1024w, https:\/\/www.mci.mc\/wp-content\/uploads\/2021\/11\/AdobeStock_173986492-768x256.jpeg 768w, https:\/\/www.mci.mc\/wp-content\/uploads\/2021\/11\/AdobeStock_173986492-1536x512.jpeg 1536w, https:\/\/www.mci.mc\/wp-content\/uploads\/2021\/11\/AdobeStock_173986492-2048x683.jpeg 2048w\" \/><span class=\"the7-hover-icon\"><i aria-hidden=\"true\" class=\"fas fa-ellipsis-h\"><\/i><\/span><\/a>\n\t\t<\/div>\n\t<\/div>\n\n\n<div class=\"post-entry-content\">\n\n\t<h3 class=\"ele-entry-title\"><a href=\"https:\/\/www.mci.mc\/en\/project\/monaco-yacht-show\/\" rel=\"bookmark\" title=\"Monaco Yacht Show\">Monaco Yacht Show<\/a><\/h3><div class=\"entry-excerpt\"><p>The world&#8217;s most prestigious superyacht exhibition.<\/p>\n<\/div>\n<\/div><\/article><\/div><\/div><!-- iso-container|iso-grid --><div class=\"paginator filter-decorations paginator-more-button filter-pointer-background\">\n\t\t\t\t<a class=\"button-load-more highlighted filter-item\" href=\"javascript:void(0);\" data-dt-page=\"1\" ><i aria-hidden=\"true\" class=\"fas fa-arrow-circle-down\"><\/i><span class=\"button-caption\">Load more<\/span><\/a>\n\t\t\t<\/div><\/div>\t\t\t\t<\/div>\n\t\t\t\t<\/div>\n\t\t\t\t\t<\/div>\n\t\t<\/div>\n\t\t\t\t\t<\/div>\n\t\t<\/section>\n\t\t\t\t<\/div>\n\t\t","protected":false},"excerpt":{"rendered":"<p>Our projects Discover some of our events AMWC Congr\u00e8s Mondial de M\u00e9decine Esth\u00e9tique et Anti-Age Sportel La convention mondiale des m\u00e9dias et des technologies du sport Monaco Yacht Show La plus prestigieuse exposition de superyachts au monde. Load more<\/p>\n","protected":false},"author":1,"featured_media":0,"parent":0,"menu_order":25,"comment_status":"closed","ping_status":"closed","template":"elementor_header_footer","meta":{"_seopress_robots_primary_cat":"","_seopress_titles_title":"","_seopress_titles_desc":"","_seopress_robots_index":"","_seopress_analysis_target_kw":"","footnotes":""},"class_list":["post-8231","page","type-page","status-publish","hentry"],"_links":{"self":[{"href":"https:\/\/www.mci.mc\/en\/wp-json\/wp\/v2\/pages\/8231","targetHints":{"allow":["GET"]}}],"collection":[{"href":"https:\/\/www.mci.mc\/en\/wp-json\/wp\/v2\/pages"}],"about":[{"href":"https:\/\/www.mci.mc\/en\/wp-json\/wp\/v2\/types\/page"}],"author":[{"embeddable":true,"href":"https:\/\/www.mci.mc\/en\/wp-json\/wp\/v2\/users\/1"}],"replies":[{"embeddable":true,"href":"https:\/\/www.mci.mc\/en\/wp-json\/wp\/v2\/comments?post=8231"}],"version-history":[{"count":2,"href":"https:\/\/www.mci.mc\/en\/wp-json\/wp\/v2\/pages\/8231\/revisions"}],"predecessor-version":[{"id":8233,"href":"https:\/\/www.mci.mc\/en\/wp-json\/wp\/v2\/pages\/8231\/revisions\/8233"}],"wp:attachment":[{"href":"https:\/\/www.mci.mc\/en\/wp-json\/wp\/v2\/media?parent=8231"}],"curies":[{"name":"wp","href":"https:\/\/api.w.org\/{rel}","templated":true}]}}